{"id":694,"date":"2024-03-17T16:39:28","date_gmt":"2024-03-17T16:39:28","guid":{"rendered":"https:\/\/data.themeim.com\/wp\/braine\/?page_id=40"},"modified":"2025-02-19T04:59:43","modified_gmt":"2025-02-19T04:59:43","slug":"blog-grid","status":"publish","type":"page","link":"https:\/\/www.liquidqube.com\/fr\/blog-grid\/","title":{"rendered":"Blog grid"},"content":{"rendered":"<div data-elementor-type=\"wp-page\" data-elementor-id=\"694\" class=\"elementor elementor-694\" data-elementor-post-type=\"page\">\n\t\t\t\t<div class=\"elementor-element elementor-element-79f3724 e-flex e-con-boxed e-con e-parent\" data-id=\"79f3724\" data-element_type=\"container\" data-e-type=\"container\" data-settings=\"{&quot;background_background&quot;:&quot;classic&quot;}\">\n\t\t\t\t\t<div class=\"e-con-inner\">\n\t\t\t\t<div class=\"elementor-element elementor-element-69f99ab elementor-widget elementor-widget-heading\" data-id=\"69f99ab\" data-element_type=\"widget\" data-e-type=\"widget\" data-widget_type=\"heading.default\">\n\t\t\t\t<div class=\"elementor-widget-container\">\n\t\t\t\t\t<h1 class=\"elementor-heading-title elementor-size-default\">Blogs<\/h1>\t\t\t\t<\/div>\n\t\t\t\t<\/div>\n\t\t\t\t<div class=\"elementor-element elementor-element-b1a25ef elementor-grid-3 elementor-grid-tablet-2 elementor-grid-mobile-1 elementor-posts--thumbnail-top elementor-widget elementor-widget-posts\" data-id=\"b1a25ef\" data-element_type=\"widget\" data-e-type=\"widget\" data-settings=\"{&quot;classic_row_gap&quot;:{&quot;unit&quot;:&quot;px&quot;,&quot;size&quot;:37,&quot;sizes&quot;:[]},&quot;pagination_type&quot;:&quot;numbers&quot;,&quot;classic_columns&quot;:&quot;3&quot;,&quot;classic_columns_tablet&quot;:&quot;2&quot;,&quot;classic_columns_mobile&quot;:&quot;1&quot;,&quot;classic_row_gap_tablet&quot;:{&quot;unit&quot;:&quot;px&quot;,&quot;size&quot;:&quot;&quot;,&quot;sizes&quot;:[]},&quot;classic_row_gap_mobile&quot;:{&quot;unit&quot;:&quot;px&quot;,&quot;size&quot;:&quot;&quot;,&quot;sizes&quot;:[]}}\" data-widget_type=\"posts.classic\">\n\t\t\t\t<div class=\"elementor-widget-container\">\n\t\t\t\t\t\t\t<div class=\"elementor-posts-container elementor-posts elementor-posts--skin-classic elementor-grid\" role=\"list\">\n\t\t\t\t<article class=\"elementor-post elementor-grid-item post-3933 post type-post status-publish format-standard has-post-thumbnail hentry category-blog\" role=\"listitem\">\n\t\t\t\t<a class=\"elementor-post__thumbnail__link\" href=\"https:\/\/www.liquidqube.com\/fr\/cognitive-ai-platforms-enhancing-security-and-bringing-value-to-companies-and-people\/\" tabindex=\"-1\" >\n\t\t\t<div class=\"elementor-post__thumbnail\"><img fetchpriority=\"high\" decoding=\"async\" width=\"300\" height=\"168\" src=\"https:\/\/www.liquidqube.com\/wp-content\/uploads\/2024\/12\/AdobeStock_734087308-300x168.jpeg\" class=\"attachment-medium size-medium wp-image-1799\" alt=\"Cognitive AI Platform\" srcset=\"https:\/\/www.liquidqube.com\/wp-content\/uploads\/2024\/12\/AdobeStock_734087308-300x168.jpeg 300w, https:\/\/www.liquidqube.com\/wp-content\/uploads\/2024\/12\/AdobeStock_734087308-1024x574.jpeg 1024w, https:\/\/www.liquidqube.com\/wp-content\/uploads\/2024\/12\/AdobeStock_734087308-768x430.jpeg 768w, https:\/\/www.liquidqube.com\/wp-content\/uploads\/2024\/12\/AdobeStock_734087308-1536x861.jpeg 1536w, https:\/\/www.liquidqube.com\/wp-content\/uploads\/2024\/12\/AdobeStock_734087308-2048x1148.jpeg 2048w\" sizes=\"(max-width: 300px) 100vw, 300px\" \/><\/div>\n\t\t<\/a>\n\t\t\t\t<div class=\"elementor-post__text\">\n\t\t\t\t<h3 class=\"elementor-post__title\">\n\t\t\t<a href=\"https:\/\/www.liquidqube.com\/fr\/cognitive-ai-platforms-enhancing-security-and-bringing-value-to-companies-and-people\/\" >\n\t\t\t\tPlate-forme d'IA cognitive : Renforcer la s\u00e9curit\u00e9 et apporter de la valeur aux entreprises et aux personnes\t\t\t<\/a>\n\t\t<\/h3>\n\t\t\t\t\t<div class=\"elementor-post__read-more-wrapper\">\n\t\t\n\t\t<a class=\"elementor-post__read-more\" href=\"https:\/\/www.liquidqube.com\/fr\/cognitive-ai-platforms-enhancing-security-and-bringing-value-to-companies-and-people\/\" aria-label=\"En savoir plus sur Cognitive AI Platform: Enhancing Security and Bringing Value to Companies and People\" tabindex=\"-1\" >\n\t\t\tLire plus \"\t\t<\/a>\n\n\t\t\t\t\t<\/div>\n\t\t\t\t<\/div>\n\t\t\t\t<\/article>\n\t\t\t\t<article class=\"elementor-post elementor-grid-item post-706 post type-post status-publish format-standard has-post-thumbnail hentry category-mltech tag-codingai tag-digitalai tag-techblog\" role=\"listitem\">\n\t\t\t\t<a class=\"elementor-post__thumbnail__link\" href=\"https:\/\/www.liquidqube.com\/fr\/beyond-code-the-human-element-in-ai-development\/\" tabindex=\"-1\" >\n\t\t\t<div class=\"elementor-post__thumbnail\"><img decoding=\"async\" width=\"300\" height=\"172\" src=\"https:\/\/www.liquidqube.com\/wp-content\/uploads\/2024\/10\/Insight_2-300x172.png\" class=\"attachment-medium size-medium wp-image-1063\" alt=\"AI Development\" srcset=\"https:\/\/www.liquidqube.com\/wp-content\/uploads\/2024\/10\/Insight_2-300x172.png 300w, https:\/\/www.liquidqube.com\/wp-content\/uploads\/2024\/10\/Insight_2.png 655w\" sizes=\"(max-width: 300px) 100vw, 300px\" \/><\/div>\n\t\t<\/a>\n\t\t\t\t<div class=\"elementor-post__text\">\n\t\t\t\t<h3 class=\"elementor-post__title\">\n\t\t\t<a href=\"https:\/\/www.liquidqube.com\/fr\/beyond-code-the-human-element-in-ai-development\/\" >\n\t\t\t\tAu-del\u00e0 du code : L'\u00e9l\u00e9ment humain dans le d\u00e9veloppement de l'IA\t\t\t<\/a>\n\t\t<\/h3>\n\t\t\t\t\t<div class=\"elementor-post__read-more-wrapper\">\n\t\t\n\t\t<a class=\"elementor-post__read-more\" href=\"https:\/\/www.liquidqube.com\/fr\/beyond-code-the-human-element-in-ai-development\/\" aria-label=\"En savoir plus sur Beyond Code: The Human Element in AI Development\" tabindex=\"-1\" >\n\t\t\tLire plus \"\t\t<\/a>\n\n\t\t\t\t\t<\/div>\n\t\t\t\t<\/div>\n\t\t\t\t<\/article>\n\t\t\t\t<article class=\"elementor-post elementor-grid-item post-705 post type-post status-publish format-standard has-post-thumbnail hentry category-mltech tag-codingai tag-digitalai tag-techblog\" role=\"listitem\">\n\t\t\t\t<a class=\"elementor-post__thumbnail__link\" href=\"https:\/\/www.liquidqube.com\/fr\/exploring-the-cutting-edge-of-artificial-intelligence\/\" tabindex=\"-1\" >\n\t\t\t<div class=\"elementor-post__thumbnail\"><img decoding=\"async\" width=\"300\" height=\"171\" src=\"https:\/\/www.liquidqube.com\/wp-content\/uploads\/2024\/12\/AdobeStock_887523906-300x171.jpeg\" class=\"attachment-medium size-medium wp-image-1822\" alt=\"\" srcset=\"https:\/\/www.liquidqube.com\/wp-content\/uploads\/2024\/12\/AdobeStock_887523906-300x171.jpeg 300w, https:\/\/www.liquidqube.com\/wp-content\/uploads\/2024\/12\/AdobeStock_887523906-1024x585.jpeg 1024w, https:\/\/www.liquidqube.com\/wp-content\/uploads\/2024\/12\/AdobeStock_887523906-768x439.jpeg 768w, https:\/\/www.liquidqube.com\/wp-content\/uploads\/2024\/12\/AdobeStock_887523906-1536x878.jpeg 1536w, https:\/\/www.liquidqube.com\/wp-content\/uploads\/2024\/12\/AdobeStock_887523906-2048x1170.jpeg 2048w\" sizes=\"(max-width: 300px) 100vw, 300px\" \/><\/div>\n\t\t<\/a>\n\t\t\t\t<div class=\"elementor-post__text\">\n\t\t\t\t<h3 class=\"elementor-post__title\">\n\t\t\t<a href=\"https:\/\/www.liquidqube.com\/fr\/exploring-the-cutting-edge-of-artificial-intelligence\/\" >\n\t\t\t\tExploring the Cutting-Edge of Artificial Intelligence: Cognitive AI Platforms for Supply Chain\t\t\t<\/a>\n\t\t<\/h3>\n\t\t\t\t\t<div class=\"elementor-post__read-more-wrapper\">\n\t\t\n\t\t<a class=\"elementor-post__read-more\" href=\"https:\/\/www.liquidqube.com\/fr\/exploring-the-cutting-edge-of-artificial-intelligence\/\" aria-label=\"En savoir plus sur Exploring the Cutting-Edge of Artificial Intelligence: Cognitive AI Platforms for Supply Chain\" tabindex=\"-1\" >\n\t\t\tLire plus \"\t\t<\/a>\n\n\t\t\t\t\t<\/div>\n\t\t\t\t<\/div>\n\t\t\t\t<\/article>\n\t\t\t\t<article class=\"elementor-post elementor-grid-item post-704 post type-post status-publish format-standard has-post-thumbnail hentry category-mltech tag-codingai tag-digitalai tag-techblog\" role=\"listitem\">\n\t\t\t\t<a class=\"elementor-post__thumbnail__link\" href=\"https:\/\/www.liquidqube.com\/fr\/understanding-the-basics-of-artificial-intelligence\/\" tabindex=\"-1\" >\n\t\t\t<div class=\"elementor-post__thumbnail\"><img loading=\"lazy\" decoding=\"async\" width=\"300\" height=\"169\" src=\"https:\/\/www.liquidqube.com\/wp-content\/uploads\/2024\/12\/DayseAI-Cover-300x169.png\" class=\"attachment-medium size-medium wp-image-1809\" alt=\"Basics of Artificial Intelligence in Supply Chain\" srcset=\"https:\/\/www.liquidqube.com\/wp-content\/uploads\/2024\/12\/DayseAI-Cover-300x169.png 300w, https:\/\/www.liquidqube.com\/wp-content\/uploads\/2024\/12\/DayseAI-Cover-1024x576.png 1024w, https:\/\/www.liquidqube.com\/wp-content\/uploads\/2024\/12\/DayseAI-Cover-768x432.png 768w, https:\/\/www.liquidqube.com\/wp-content\/uploads\/2024\/12\/DayseAI-Cover.png 1280w\" sizes=\"(max-width: 300px) 100vw, 300px\" \/><\/div>\n\t\t<\/a>\n\t\t\t\t<div class=\"elementor-post__text\">\n\t\t\t\t<h3 class=\"elementor-post__title\">\n\t\t\t<a href=\"https:\/\/www.liquidqube.com\/fr\/understanding-the-basics-of-artificial-intelligence\/\" >\n\t\t\t\tUnderstanding the Basics of Artificial Intelligence in Supply Chain\t\t\t<\/a>\n\t\t<\/h3>\n\t\t\t\t\t<div class=\"elementor-post__read-more-wrapper\">\n\t\t\n\t\t<a class=\"elementor-post__read-more\" href=\"https:\/\/www.liquidqube.com\/fr\/understanding-the-basics-of-artificial-intelligence\/\" aria-label=\"En savoir plus sur Understanding the Basics of Artificial Intelligence in Supply Chain\" tabindex=\"-1\" >\n\t\t\tLire plus \"\t\t<\/a>\n\n\t\t\t\t\t<\/div>\n\t\t\t\t<\/div>\n\t\t\t\t<\/article>\n\t\t\t\t<article class=\"elementor-post elementor-grid-item post-703 post type-post status-publish format-standard has-post-thumbnail hentry category-mltech tag-codingai tag-digitalai tag-techblog\" role=\"listitem\">\n\t\t\t\t<a class=\"elementor-post__thumbnail__link\" href=\"https:\/\/www.liquidqube.com\/fr\/transforming-industries-and-shaping-the-future\/\" tabindex=\"-1\" >\n\t\t\t<div class=\"elementor-post__thumbnail\"><img loading=\"lazy\" decoding=\"async\" width=\"300\" height=\"168\" src=\"https:\/\/www.liquidqube.com\/wp-content\/uploads\/2024\/12\/AdobeStock_728661870-300x168.jpeg\" class=\"attachment-medium size-medium wp-image-1832\" alt=\"Cutting-Edge Integration\" srcset=\"https:\/\/www.liquidqube.com\/wp-content\/uploads\/2024\/12\/AdobeStock_728661870-300x168.jpeg 300w, https:\/\/www.liquidqube.com\/wp-content\/uploads\/2024\/12\/AdobeStock_728661870-1024x574.jpeg 1024w, https:\/\/www.liquidqube.com\/wp-content\/uploads\/2024\/12\/AdobeStock_728661870-768x431.jpeg 768w, https:\/\/www.liquidqube.com\/wp-content\/uploads\/2024\/12\/AdobeStock_728661870-1536x861.jpeg 1536w, https:\/\/www.liquidqube.com\/wp-content\/uploads\/2024\/12\/AdobeStock_728661870-2048x1148.jpeg 2048w\" sizes=\"(max-width: 300px) 100vw, 300px\" \/><\/div>\n\t\t<\/a>\n\t\t\t\t<div class=\"elementor-post__text\">\n\t\t\t\t<h3 class=\"elementor-post__title\">\n\t\t\t<a href=\"https:\/\/www.liquidqube.com\/fr\/transforming-industries-and-shaping-the-future\/\" >\n\t\t\t\tAI and Cutting-Edge Integration: Enhancing Security Layers in Supply Chains\t\t\t<\/a>\n\t\t<\/h3>\n\t\t\t\t\t<div class=\"elementor-post__read-more-wrapper\">\n\t\t\n\t\t<a class=\"elementor-post__read-more\" href=\"https:\/\/www.liquidqube.com\/fr\/transforming-industries-and-shaping-the-future\/\" aria-label=\"En savoir plus sur AI and Cutting-Edge Integration: Enhancing Security Layers in Supply Chains\" tabindex=\"-1\" >\n\t\t\tLire plus \"\t\t<\/a>\n\n\t\t\t\t\t<\/div>\n\t\t\t\t<\/div>\n\t\t\t\t<\/article>\n\t\t\t\t<article class=\"elementor-post elementor-grid-item post-702 post type-post status-publish format-standard has-post-thumbnail hentry category-innovate tag-codingai tag-digitalai tag-techblog\" role=\"listitem\">\n\t\t\t\t<a class=\"elementor-post__thumbnail__link\" href=\"https:\/\/www.liquidqube.com\/fr\/diving-deep-exploring-the-core-algorithms-of-our-ai\/\" tabindex=\"-1\" >\n\t\t\t<div class=\"elementor-post__thumbnail\"><img loading=\"lazy\" decoding=\"async\" width=\"300\" height=\"168\" src=\"https:\/\/www.liquidqube.com\/wp-content\/uploads\/2024\/12\/AdobeStock_823635063-300x168.jpeg\" class=\"attachment-medium size-medium wp-image-1817\" alt=\"Core Algorithms Behind Our AI\" srcset=\"https:\/\/www.liquidqube.com\/wp-content\/uploads\/2024\/12\/AdobeStock_823635063-300x168.jpeg 300w, https:\/\/www.liquidqube.com\/wp-content\/uploads\/2024\/12\/AdobeStock_823635063-1024x574.jpeg 1024w, https:\/\/www.liquidqube.com\/wp-content\/uploads\/2024\/12\/AdobeStock_823635063-768x430.jpeg 768w, https:\/\/www.liquidqube.com\/wp-content\/uploads\/2024\/12\/AdobeStock_823635063-1536x861.jpeg 1536w, https:\/\/www.liquidqube.com\/wp-content\/uploads\/2024\/12\/AdobeStock_823635063-2048x1148.jpeg 2048w\" sizes=\"(max-width: 300px) 100vw, 300px\" \/><\/div>\n\t\t<\/a>\n\t\t\t\t<div class=\"elementor-post__text\">\n\t\t\t\t<h3 class=\"elementor-post__title\">\n\t\t\t<a href=\"https:\/\/www.liquidqube.com\/fr\/diving-deep-exploring-the-core-algorithms-of-our-ai\/\" >\n\t\t\t\tDiving Deep: Exploring the Core Algorithms Behind Our AI\t\t\t<\/a>\n\t\t<\/h3>\n\t\t\t\t\t<div class=\"elementor-post__read-more-wrapper\">\n\t\t\n\t\t<a class=\"elementor-post__read-more\" href=\"https:\/\/www.liquidqube.com\/fr\/diving-deep-exploring-the-core-algorithms-of-our-ai\/\" aria-label=\"En savoir plus sur Diving Deep: Exploring the Core Algorithms Behind Our AI\" tabindex=\"-1\" >\n\t\t\tLire plus \"\t\t<\/a>\n\n\t\t\t\t\t<\/div>\n\t\t\t\t<\/div>\n\t\t\t\t<\/article>\n\t\t\t\t<article class=\"elementor-post elementor-grid-item post-701 post type-post status-publish format-standard has-post-thumbnail hentry category-techleadership tag-codingai tag-digitalai tag-techblog\" role=\"listitem\">\n\t\t\t\t<a class=\"elementor-post__thumbnail__link\" href=\"https:\/\/www.liquidqube.com\/fr\/the-art-and-science-of-building-intelligent-machines\/\" tabindex=\"-1\" >\n\t\t\t<div class=\"elementor-post__thumbnail\"><img loading=\"lazy\" decoding=\"async\" width=\"300\" height=\"168\" src=\"https:\/\/www.liquidqube.com\/wp-content\/uploads\/2024\/12\/AdobeStock_918802239-300x168.jpeg\" class=\"attachment-medium size-medium wp-image-1840\" alt=\"Supply Chains\" srcset=\"https:\/\/www.liquidqube.com\/wp-content\/uploads\/2024\/12\/AdobeStock_918802239-300x168.jpeg 300w, https:\/\/www.liquidqube.com\/wp-content\/uploads\/2024\/12\/AdobeStock_918802239-1024x574.jpeg 1024w, https:\/\/www.liquidqube.com\/wp-content\/uploads\/2024\/12\/AdobeStock_918802239-768x430.jpeg 768w, https:\/\/www.liquidqube.com\/wp-content\/uploads\/2024\/12\/AdobeStock_918802239-1536x861.jpeg 1536w, https:\/\/www.liquidqube.com\/wp-content\/uploads\/2024\/12\/AdobeStock_918802239-2048x1148.jpeg 2048w\" sizes=\"(max-width: 300px) 100vw, 300px\" \/><\/div>\n\t\t<\/a>\n\t\t\t\t<div class=\"elementor-post__text\">\n\t\t\t\t<h3 class=\"elementor-post__title\">\n\t\t\t<a href=\"https:\/\/www.liquidqube.com\/fr\/the-art-and-science-of-building-intelligent-machines\/\" >\n\t\t\t\tBuilding Smarter Supply Chains: The Art and Science of AI-Driven Agents and Multi-Agent Systems\t\t\t<\/a>\n\t\t<\/h3>\n\t\t\t\t\t<div class=\"elementor-post__read-more-wrapper\">\n\t\t\n\t\t<a class=\"elementor-post__read-more\" href=\"https:\/\/www.liquidqube.com\/fr\/the-art-and-science-of-building-intelligent-machines\/\" aria-label=\"En savoir plus sur Building Smarter Supply Chains: The Art and Science of AI-Driven Agents and Multi-Agent Systems\" tabindex=\"-1\" >\n\t\t\tLire plus \"\t\t<\/a>\n\n\t\t\t\t\t<\/div>\n\t\t\t\t<\/div>\n\t\t\t\t<\/article>\n\t\t\t\t<article class=\"elementor-post elementor-grid-item post-700 post type-post status-publish format-standard has-post-thumbnail hentry category-mltech tag-codingai tag-digitalai tag-techblog\" role=\"listitem\">\n\t\t\t\t<a class=\"elementor-post__thumbnail__link\" href=\"https:\/\/www.liquidqube.com\/fr\/navigating-the-ai-front-challenges-and-triumphs\/\" tabindex=\"-1\" >\n\t\t\t<div class=\"elementor-post__thumbnail\"><img loading=\"lazy\" decoding=\"async\" width=\"300\" height=\"168\" src=\"https:\/\/www.liquidqube.com\/wp-content\/uploads\/2024\/12\/AdobeStock_821779465-300x168.jpeg\" class=\"attachment-medium size-medium wp-image-1839\" alt=\"supply chain management\" srcset=\"https:\/\/www.liquidqube.com\/wp-content\/uploads\/2024\/12\/AdobeStock_821779465-300x168.jpeg 300w, https:\/\/www.liquidqube.com\/wp-content\/uploads\/2024\/12\/AdobeStock_821779465-1024x574.jpeg 1024w, https:\/\/www.liquidqube.com\/wp-content\/uploads\/2024\/12\/AdobeStock_821779465-768x430.jpeg 768w, https:\/\/www.liquidqube.com\/wp-content\/uploads\/2024\/12\/AdobeStock_821779465-1536x861.jpeg 1536w, https:\/\/www.liquidqube.com\/wp-content\/uploads\/2024\/12\/AdobeStock_821779465-2048x1148.jpeg 2048w\" sizes=\"(max-width: 300px) 100vw, 300px\" \/><\/div>\n\t\t<\/a>\n\t\t\t\t<div class=\"elementor-post__text\">\n\t\t\t\t<h3 class=\"elementor-post__title\">\n\t\t\t<a href=\"https:\/\/www.liquidqube.com\/fr\/navigating-the-ai-front-challenges-and-triumphs\/\" >\n\t\t\t\tNavigating the AI Frontier: Challenges and Triumphs for Result-Driven Supply Chain\t\t\t<\/a>\n\t\t<\/h3>\n\t\t\t\t\t<div class=\"elementor-post__read-more-wrapper\">\n\t\t\n\t\t<a class=\"elementor-post__read-more\" href=\"https:\/\/www.liquidqube.com\/fr\/navigating-the-ai-front-challenges-and-triumphs\/\" aria-label=\"En savoir plus sur Navigating the AI Frontier: Challenges and Triumphs for Result-Driven Supply Chain\" tabindex=\"-1\" >\n\t\t\tLire plus \"\t\t<\/a>\n\n\t\t\t\t\t<\/div>\n\t\t\t\t<\/div>\n\t\t\t\t<\/article>\n\t\t\t\t<article class=\"elementor-post elementor-grid-item post-699 post type-post status-publish format-standard has-post-thumbnail hentry category-techtalks tag-codingai tag-digitalai tag-techblog\" role=\"listitem\">\n\t\t\t\t<a class=\"elementor-post__thumbnail__link\" href=\"https:\/\/www.liquidqube.com\/fr\/innovation-unleashed-behind-the-scenes-our-ai-breakthroughs\/\" tabindex=\"-1\" >\n\t\t\t<div class=\"elementor-post__thumbnail\"><img loading=\"lazy\" decoding=\"async\" width=\"300\" height=\"92\" src=\"https:\/\/www.liquidqube.com\/wp-content\/uploads\/2024\/12\/test-vision-300x92.jpg\" class=\"attachment-medium size-medium wp-image-2493\" alt=\"AI Breakthroughs\" srcset=\"https:\/\/www.liquidqube.com\/wp-content\/uploads\/2024\/12\/test-vision-300x92.jpg 300w, https:\/\/www.liquidqube.com\/wp-content\/uploads\/2024\/12\/test-vision-1024x315.jpg 1024w, https:\/\/www.liquidqube.com\/wp-content\/uploads\/2024\/12\/test-vision-768x237.jpg 768w, https:\/\/www.liquidqube.com\/wp-content\/uploads\/2024\/12\/test-vision-1536x473.jpg 1536w, https:\/\/www.liquidqube.com\/wp-content\/uploads\/2024\/12\/test-vision.jpg 2000w\" sizes=\"(max-width: 300px) 100vw, 300px\" \/><\/div>\n\t\t<\/a>\n\t\t\t\t<div class=\"elementor-post__text\">\n\t\t\t\t<h3 class=\"elementor-post__title\">\n\t\t\t<a href=\"https:\/\/www.liquidqube.com\/fr\/innovation-unleashed-behind-the-scenes-our-ai-breakthroughs\/\" >\n\t\t\t\tInnovation unleashed: behind the scenes our AI breakthroughs\t\t\t<\/a>\n\t\t<\/h3>\n\t\t\t\t\t<div class=\"elementor-post__read-more-wrapper\">\n\t\t\n\t\t<a class=\"elementor-post__read-more\" href=\"https:\/\/www.liquidqube.com\/fr\/innovation-unleashed-behind-the-scenes-our-ai-breakthroughs\/\" aria-label=\"En savoir plus sur Innovation unleashed: behind the scenes our AI breakthroughs\" tabindex=\"-1\" >\n\t\t\tLire plus \"\t\t<\/a>\n\n\t\t\t\t\t<\/div>\n\t\t\t\t<\/div>\n\t\t\t\t<\/article>\n\t\t\t\t<article class=\"elementor-post elementor-grid-item post-698 post type-post status-publish format-standard has-post-thumbnail hentry category-techtrends tag-digitalai tag-futureai tag-techinnovate\" role=\"listitem\">\n\t\t\t\t<a class=\"elementor-post__thumbnail__link\" href=\"https:\/\/www.liquidqube.com\/fr\/decoding-the-future-ais-impact-on-the-industries\/\" tabindex=\"-1\" >\n\t\t\t<div class=\"elementor-post__thumbnail\"><img loading=\"lazy\" decoding=\"async\" width=\"300\" height=\"168\" src=\"https:\/\/www.liquidqube.com\/wp-content\/uploads\/2024\/12\/AdobeStock_764898663-300x168.jpeg\" class=\"attachment-medium size-medium wp-image-1837\" alt=\"\" srcset=\"https:\/\/www.liquidqube.com\/wp-content\/uploads\/2024\/12\/AdobeStock_764898663-300x168.jpeg 300w, https:\/\/www.liquidqube.com\/wp-content\/uploads\/2024\/12\/AdobeStock_764898663-1024x574.jpeg 1024w, https:\/\/www.liquidqube.com\/wp-content\/uploads\/2024\/12\/AdobeStock_764898663-768x430.jpeg 768w, https:\/\/www.liquidqube.com\/wp-content\/uploads\/2024\/12\/AdobeStock_764898663-1536x861.jpeg 1536w, https:\/\/www.liquidqube.com\/wp-content\/uploads\/2024\/12\/AdobeStock_764898663-2048x1148.jpeg 2048w\" sizes=\"(max-width: 300px) 100vw, 300px\" \/><\/div>\n\t\t<\/a>\n\t\t\t\t<div class=\"elementor-post__text\">\n\t\t\t\t<h3 class=\"elementor-post__title\">\n\t\t\t<a href=\"https:\/\/www.liquidqube.com\/fr\/decoding-the-future-ais-impact-on-the-industries\/\" >\n\t\t\t\tDecoding the future: ai&#8217;s impact on the industries\t\t\t<\/a>\n\t\t<\/h3>\n\t\t\t\t\t<div class=\"elementor-post__read-more-wrapper\">\n\t\t\n\t\t<a class=\"elementor-post__read-more\" href=\"https:\/\/www.liquidqube.com\/fr\/decoding-the-future-ais-impact-on-the-industries\/\" aria-label=\"En savoir plus sur Decoding the future: ai&#8217;s impact on the industries\" tabindex=\"-1\" >\n\t\t\tLire plus \"\t\t<\/a>\n\n\t\t\t\t\t<\/div>\n\t\t\t\t<\/div>\n\t\t\t\t<\/article>\n\t\t\t\t<article class=\"elementor-post elementor-grid-item post-697 post type-post status-publish format-standard has-post-thumbnail hentry category-techtrends tag-digitalai tag-futureai tag-techinnovate\" role=\"listitem\">\n\t\t\t\t<a class=\"elementor-post__thumbnail__link\" href=\"https:\/\/www.liquidqube.com\/fr\/decoding-the-futures-ais-impact-on-the-industries\/\" tabindex=\"-1\" >\n\t\t\t<div class=\"elementor-post__thumbnail\"><img loading=\"lazy\" decoding=\"async\" width=\"300\" height=\"168\" src=\"https:\/\/www.liquidqube.com\/wp-content\/uploads\/2024\/12\/AdobeStock_829393219-300x168.jpeg\" class=\"attachment-medium size-medium wp-image-1818\" alt=\"\" srcset=\"https:\/\/www.liquidqube.com\/wp-content\/uploads\/2024\/12\/AdobeStock_829393219-300x168.jpeg 300w, https:\/\/www.liquidqube.com\/wp-content\/uploads\/2024\/12\/AdobeStock_829393219-1024x574.jpeg 1024w, https:\/\/www.liquidqube.com\/wp-content\/uploads\/2024\/12\/AdobeStock_829393219-768x430.jpeg 768w, https:\/\/www.liquidqube.com\/wp-content\/uploads\/2024\/12\/AdobeStock_829393219-1536x861.jpeg 1536w, https:\/\/www.liquidqube.com\/wp-content\/uploads\/2024\/12\/AdobeStock_829393219-2048x1148.jpeg 2048w\" sizes=\"(max-width: 300px) 100vw, 300px\" \/><\/div>\n\t\t<\/a>\n\t\t\t\t<div class=\"elementor-post__text\">\n\t\t\t\t<h3 class=\"elementor-post__title\">\n\t\t\t<a href=\"https:\/\/www.liquidqube.com\/fr\/decoding-the-futures-ais-impact-on-the-industries\/\" >\n\t\t\t\tTransforming Industries and Shaping the Future with LiquidQube\t\t\t<\/a>\n\t\t<\/h3>\n\t\t\t\t\t<div class=\"elementor-post__read-more-wrapper\">\n\t\t\n\t\t<a class=\"elementor-post__read-more\" href=\"https:\/\/www.liquidqube.com\/fr\/decoding-the-futures-ais-impact-on-the-industries\/\" aria-label=\"En savoir plus sur Transforming Industries and Shaping the Future with LiquidQube\" tabindex=\"-1\" >\n\t\t\tLire plus \"\t\t<\/a>\n\n\t\t\t\t\t<\/div>\n\t\t\t\t<\/div>\n\t\t\t\t<\/article>\n\t\t\t\t<\/div>\n\t\t\n\t\t\t\t\t\t<\/div>\n\t\t\t\t<\/div>\n\t\t\t\t\t<\/div>\n\t\t\t\t<\/div>\n\t\t\t\t<\/div>","protected":false},"excerpt":{"rendered":"<p>Blogs<\/p>","protected":false},"author":1,"featured_media":0,"parent":0,"menu_order":0,"comment_status":"closed","ping_status":"closed","template":"","meta":{"inline_featured_image":false,"footnotes":""},"class_list":["post-694","page","type-page","status-publish","hentry"],"_links":{"self":[{"href":"https:\/\/www.liquidqube.com\/fr\/wp-json\/wp\/v2\/pages\/694","targetHints":{"allow":["GET"]}}],"collection":[{"href":"https:\/\/www.liquidqube.com\/fr\/wp-json\/wp\/v2\/pages"}],"about":[{"href":"https:\/\/www.liquidqube.com\/fr\/wp-json\/wp\/v2\/types\/page"}],"author":[{"embeddable":true,"href":"https:\/\/www.liquidqube.com\/fr\/wp-json\/wp\/v2\/users\/1"}],"replies":[{"embeddable":true,"href":"https:\/\/www.liquidqube.com\/fr\/wp-json\/wp\/v2\/comments?post=694"}],"version-history":[{"count":0,"href":"https:\/\/www.liquidqube.com\/fr\/wp-json\/wp\/v2\/pages\/694\/revisions"}],"wp:attachment":[{"href":"https:\/\/www.liquidqube.com\/fr\/wp-json\/wp\/v2\/media?parent=694"}],"curies":[{"name":"wp","href":"https:\/\/api.w.org\/{rel}","templated":true}]}}